{"id":1812,"date":"2020-02-12T10:28:36","date_gmt":"2020-02-12T09:28:36","guid":{"rendered":"http:\/\/ateliersmandarine.com\/?page_id=1812"},"modified":"2025-11-28T12:03:24","modified_gmt":"2025-11-28T11:03:24","slug":"design","status":"publish","type":"page","link":"https:\/\/ateliersmandarine.com\/index.php\/design\/","title":{"rendered":"Design"},"content":{"rendered":"<p><div class=\"fusion-fullwidth fullwidth-box fusion-builder-row-1 nonhundred-percent-fullwidth non-hundred-percent-height-scrolling\" style=\"--awb-border-radius-top-left:0px;--awb-border-radius-top-right:0px;--awb-border-radius-bottom-right:0px;--awb-border-radius-bottom-left:0px;--awb-flex-wrap:wrap;\" ><div class=\"fusion-builder-row fusion-row\"><div class=\"fusion-layout-column fusion_builder_column fusion-builder-column-0 fusion_builder_column_1_1 1_1 fusion-one-full fusion-column-first fusion-column-last\" style=\"--awb-bg-size:cover;\"><div class=\"fusion-column-wrapper fusion-column-has-shadow fusion-flex-column-wrapper-legacy\"><div class=\"fusion-title title fusion-title-1 fusion-sep-none fusion-title-center fusion-title-text fusion-title-size-two\"><h2 class=\"fusion-title-heading title-heading-center fusion-responsive-typography-calculated\" style=\"font-family:&quot;Roboto&quot;;font-style:normal;font-weight:400;margin:0;--fontSize:36;--minFontSize:36;line-height:1.28;\"><h2>[Design.]<\/h2><\/h2><\/div><div class=\"fusion-clearfix\"><\/div><\/div><\/div><\/div><\/div><div class=\"fusion-fullwidth fullwidth-box fusion-builder-row-2 nonhundred-percent-fullwidth non-hundred-percent-height-scrolling\" style=\"--awb-border-radius-top-left:0px;--awb-border-radius-top-right:0px;--awb-border-radius-bottom-right:0px;--awb-border-radius-bottom-left:0px;--awb-flex-wrap:wrap;\" ><div class=\"fusion-builder-row fusion-row\"><div class=\"fusion-layout-column fusion_builder_column fusion-builder-column-1 fusion_builder_column_1_1 1_1 fusion-one-full fusion-column-first fusion-column-last\" style=\"--awb-bg-size:cover;\"><div class=\"fusion-column-wrapper fusion-column-has-shadow fusion-flex-column-wrapper-legacy\"><div class=\"fusion-text fusion-text-1\"><p><span style=\"font-weight: 400;\">Objets, couleurs et formes, notre \u00e9quipe d&rsquo;architectes d&rsquo;int\u00e9rieur cr\u00e9atifs est d\u00e9vou\u00e9e \u00e0 l&rsquo;art de la conception d&rsquo;espaces. Notre mission est de vous aider \u00e0 r\u00e9aliser vos envies en cr\u00e9ant des int\u00e9rieurs qui allient esth\u00e9tique, fonctionnalit\u00e9 et confort.<\/span><\/p>\n<\/div><div class=\"fusion-clearfix\"><\/div><\/div><\/div><\/div><\/div><div class=\"fusion-fullwidth fullwidth-box fusion-builder-row-3 nonhundred-percent-fullwidth non-hundred-percent-height-scrolling\" style=\"--awb-border-radius-top-left:0px;--awb-border-radius-top-right:0px;--awb-border-radius-bottom-right:0px;--awb-border-radius-bottom-left:0px;--awb-flex-wrap:wrap;\" ><div class=\"fusion-builder-row fusion-row\"><div class=\"fusion-layout-column fusion_builder_column fusion-builder-column-2 fusion_builder_column_1_1 1_1 fusion-one-full fusion-column-first fusion-column-last fusion-column-inner-bg-wrapper\" style=\"--awb-padding-top:38px;--awb-padding-bottom:402px;--awb-inner-bg-image:url(&#039;https:\/\/ateliersmandarine.com\/wp-content\/uploads\/2020\/02\/MG_37566-e1581111748425.jpg&#039;);--awb-inner-bg-size:cover;--awb-filter:opacity(50%);--awb-filter-transition:filter 0.3s ease;--awb-filter-hover:opacity(100%);\"><span class=\"fusion-column-inner-bg hover-type-none\"><a class=\"fusion-column-anchor\" href=\"https:\/\/ateliersmandarine.com\/index.php\/l003-luminaire-modulable\/\"><span class=\"fusion-column-inner-bg-image\"><\/span><\/a><\/span><div class=\"fusion-column-wrapper fusion-column-has-shadow fusion-flex-column-wrapper-legacy fusion-column-has-bg-image\" data-bg-url=\"https:\/\/ateliersmandarine.com\/wp-content\/uploads\/2020\/02\/MG_37566-e1581111748425.jpg\"><div class=\"fusion-text fusion-text-2\" style=\"--awb-text-font-family:&quot;Roboto&quot;;--awb-text-font-style:normal;--awb-text-font-weight:400;\"><h3 style=\"color: #011482; font-size: 18px; font-family: Roboto; font-style: italic; text-align: center;\" data-fusion-font=\"true\" data-fusion-google-font=\"Roboto\" data-fusion-google-variant=\"100italic\" data-fusion-google-subset=\"latin\"><b style=\"color: #001b66;\">[L003, Luminaire modulables.]<\/b><\/h3>\n<\/div><div class=\"fusion-clearfix\"><\/div><\/div><\/div><\/div><\/div><div class=\"fusion-fullwidth fullwidth-box fusion-builder-row-4 nonhundred-percent-fullwidth non-hundred-percent-height-scrolling\" style=\"--awb-border-radius-top-left:0px;--awb-border-radius-top-right:0px;--awb-border-radius-bottom-right:0px;--awb-border-radius-bottom-left:0px;--awb-flex-wrap:wrap;\" ><div class=\"fusion-builder-row fusion-row\"><div class=\"fusion-layout-column fusion_builder_column fusion-builder-column-3 fusion_builder_column_1_1 1_1 fusion-one-full fusion-column-first fusion-column-last fusion-column-inner-bg-wrapper\" style=\"--awb-padding-top:38px;--awb-padding-bottom:385px;--awb-inner-bg-image:url(&#039;https:\/\/ateliersmandarine.com\/wp-content\/uploads\/2020\/02\/et001-scaled.jpg&#039;);--awb-inner-bg-size:cover;--awb-filter:opacity(50%);--awb-filter-transition:filter 0.3s ease;--awb-filter-hover:opacity(100%);--awb-margin-top:70px;--awb-margin-bottom:26px;\"><span class=\"fusion-column-inner-bg hover-type-none\"><a class=\"fusion-column-anchor\" href=\"https:\/\/ateliersmandarine.com\/index.php\/et001-etageres-murales-modulables\/\"><span class=\"fusion-column-inner-bg-image\"><\/span><\/a><\/span><div class=\"fusion-column-wrapper fusion-column-has-shadow fusion-flex-column-wrapper-legacy fusion-column-has-bg-image\" data-bg-url=\"https:\/\/ateliersmandarine.com\/wp-content\/uploads\/2020\/02\/et001-scaled.jpg\"><div class=\"fusion-text fusion-text-3\" style=\"--awb-text-font-family:&quot;Roboto&quot;;--awb-text-font-style:normal;--awb-text-font-weight:400;\"><h3 style=\"text-align: center; color: #011482; font-size: 18px; font-family: Roboto; font-style: italic;\" data-fusion-font=\"true\" data-fusion-google-font=\"Roboto\" data-fusion-google-variant=\"100italic\" data-fusion-google-subset=\"latin\"><b style=\"color: #001b66;\">[ET001, \u00e9tag\u00e8res modulables.]<\/b><\/h3>\n<\/div><div class=\"fusion-clearfix\"><\/div><\/div><\/div><\/div><\/div><div class=\"fusion-fullwidth fullwidth-box fusion-builder-row-5 nonhundred-percent-fullwidth non-hundred-percent-height-scrolling\" style=\"--awb-border-radius-top-left:0px;--awb-border-radius-top-right:0px;--awb-border-radius-bottom-right:0px;--awb-border-radius-bottom-left:0px;--awb-flex-wrap:wrap;\" ><div class=\"fusion-builder-row fusion-row\"><\/div><div class=\"fusion-builder-row fusion-row\"><div class=\"fusion-layout-column fusion_builder_column fusion-builder-column-4 fusion_builder_column_1_1 1_1 fusion-one-full fusion-column-first fusion-column-last fusion-column-inner-bg-wrapper\" style=\"--awb-padding-top:39px;--awb-padding-bottom:399px;--awb-inner-bg-image:url(&#039;https:\/\/ateliersmandarine.com\/wp-content\/uploads\/2020\/02\/chaise.jpg&#039;);--awb-inner-bg-size:cover;--awb-filter:opacity(50%);--awb-filter-transition:filter 0.3s ease;--awb-filter-hover:opacity(100%);--awb-margin-top:70px;--awb-margin-bottom:26px;\"><span class=\"fusion-column-inner-bg hover-type-none\"><a class=\"fusion-column-anchor\" href=\"https:\/\/ateliersmandarine.com\/index.php\/chaise-2\/\"><span class=\"fusion-column-inner-bg-image\"><\/span><\/a><\/span><div class=\"fusion-column-wrapper fusion-column-has-shadow fusion-flex-column-wrapper-legacy fusion-column-has-bg-image\" data-bg-url=\"https:\/\/ateliersmandarine.com\/wp-content\/uploads\/2020\/02\/chaise.jpg\"><div class=\"fusion-text fusion-text-4\" style=\"--awb-text-font-family:&quot;Roboto&quot;;--awb-text-font-style:normal;--awb-text-font-weight:400;\"><h3 style=\"text-align: center; color: #011482; font-size: 18px; font-family: Roboto; font-style: italic;\" data-fusion-font=\"true\" data-fusion-google-font=\"Roboto\" data-fusion-google-variant=\"100italic\" data-fusion-google-subset=\"latin\"><b style=\"color: #001b66;\">[Chaise Kit.]<\/b><\/h3>\n<\/div><div class=\"fusion-clearfix\"><\/div><\/div><\/div><\/div><\/div><div class=\"fusion-fullwidth fullwidth-box fusion-builder-row-6 nonhundred-percent-fullwidth non-hundred-percent-height-scrolling\" style=\"--awb-border-radius-top-left:0px;--awb-border-radius-top-right:0px;--awb-border-radius-bottom-right:0px;--awb-border-radius-bottom-left:0px;--awb-flex-wrap:wrap;\" ><\/div><\/p>\n","protected":false},"excerpt":{"rendered":"","protected":false},"author":1,"featured_media":0,"parent":0,"menu_order":5,"comment_status":"closed","ping_status":"closed","template":"","meta":{"_monsterinsights_skip_tracking":false,"_monsterinsights_sitenote_active":false,"_monsterinsights_sitenote_note":"","_monsterinsights_sitenote_category":0,"footnotes":""},"class_list":["post-1812","page","type-page","status-publish","hentry"],"yoast_head":"<!-- This site is optimized with the Yoast SEO plugin v26.4 - https:\/\/yoast.com\/wordpress\/plugins\/seo\/ -->\n<title>Design - Ateliers Mandarine<\/title>\n<meta name=\"robots\" content=\"index, follow, max-snippet:-1, max-image-preview:large, max-video-preview:-1\" \/>\n<link rel=\"canonical\" href=\"https:\/\/ateliersmandarine.com\/index.php\/design\/\" \/>\n<meta property=\"og:locale\" content=\"fr_FR\" \/>\n<meta property=\"og:type\" content=\"article\" \/>\n<meta property=\"og:title\" content=\"Design - Ateliers Mandarine\" \/>\n<meta property=\"og:url\" content=\"https:\/\/ateliersmandarine.com\/index.php\/design\/\" \/>\n<meta property=\"og:site_name\" content=\"Ateliers Mandarine\" \/>\n<meta property=\"article:publisher\" content=\"https:\/\/www.facebook.com\/ateliersmandarine\/\" \/>\n<meta property=\"article:modified_time\" content=\"2025-11-28T11:03:24+00:00\" \/>\n<meta name=\"twitter:card\" content=\"summary_large_image\" \/>\n<meta name=\"twitter:label1\" content=\"Dur\u00e9e de lecture estim\u00e9e\" \/>\n\t<meta name=\"twitter:data1\" content=\"4 minutes\" \/>\n<script type=\"application\/ld+json\" class=\"yoast-schema-graph\">{\"@context\":\"https:\/\/schema.org\",\"@graph\":[{\"@type\":\"WebPage\",\"@id\":\"https:\/\/ateliersmandarine.com\/index.php\/design\/\",\"url\":\"https:\/\/ateliersmandarine.com\/index.php\/design\/\",\"name\":\"Design - Ateliers Mandarine\",\"isPartOf\":{\"@id\":\"https:\/\/ateliersmandarine.com\/#website\"},\"datePublished\":\"2020-02-12T09:28:36+00:00\",\"dateModified\":\"2025-11-28T11:03:24+00:00\",\"breadcrumb\":{\"@id\":\"https:\/\/ateliersmandarine.com\/index.php\/design\/#breadcrumb\"},\"inLanguage\":\"fr-FR\",\"potentialAction\":[{\"@type\":\"ReadAction\",\"target\":[\"https:\/\/ateliersmandarine.com\/index.php\/design\/\"]}]},{\"@type\":\"BreadcrumbList\",\"@id\":\"https:\/\/ateliersmandarine.com\/index.php\/design\/#breadcrumb\",\"itemListElement\":[{\"@type\":\"ListItem\",\"position\":1,\"name\":\"Accueil\",\"item\":\"https:\/\/ateliersmandarine.com\/\"},{\"@type\":\"ListItem\",\"position\":2,\"name\":\"Design\"}]},{\"@type\":\"WebSite\",\"@id\":\"https:\/\/ateliersmandarine.com\/#website\",\"url\":\"https:\/\/ateliersmandarine.com\/\",\"name\":\"Ateliers Mandarine\",\"description\":\"Designers et Architectes d&#039;int\u00e9rieur \u00e0 Ivry-sur-Seine\",\"publisher\":{\"@id\":\"https:\/\/ateliersmandarine.com\/#organization\"},\"potentialAction\":[{\"@type\":\"SearchAction\",\"target\":{\"@type\":\"EntryPoint\",\"urlTemplate\":\"https:\/\/ateliersmandarine.com\/?s={search_term_string}\"},\"query-input\":{\"@type\":\"PropertyValueSpecification\",\"valueRequired\":true,\"valueName\":\"search_term_string\"}}],\"inLanguage\":\"fr-FR\"},{\"@type\":\"Organization\",\"@id\":\"https:\/\/ateliersmandarine.com\/#organization\",\"name\":\"Ateliers Mandarine - architecture et design\",\"url\":\"https:\/\/ateliersmandarine.com\/\",\"logo\":{\"@type\":\"ImageObject\",\"inLanguage\":\"fr-FR\",\"@id\":\"https:\/\/ateliersmandarine.com\/#\/schema\/logo\/image\/\",\"url\":\"https:\/\/ateliersmandarine.com\/wp-content\/uploads\/2020\/02\/logoAM_crayon_insta-3.png\",\"contentUrl\":\"https:\/\/ateliersmandarine.com\/wp-content\/uploads\/2020\/02\/logoAM_crayon_insta-3.png\",\"width\":947,\"height\":947,\"caption\":\"Ateliers Mandarine - architecture et design\"},\"image\":{\"@id\":\"https:\/\/ateliersmandarine.com\/#\/schema\/logo\/image\/\"},\"sameAs\":[\"https:\/\/www.facebook.com\/ateliersmandarine\/\",\"https:\/\/www.instagram.com\/ateliersmandarine\/\",\"https:\/\/www.linkedin.com\/company\/ateliers-mandarine\/\"]}]}<\/script>\n<!-- \/ Yoast SEO plugin. -->","yoast_head_json":{"title":"Design - Ateliers Mandarine","robots":{"index":"index","follow":"follow","max-snippet":"max-snippet:-1","max-image-preview":"max-image-preview:large","max-video-preview":"max-video-preview:-1"},"canonical":"https:\/\/ateliersmandarine.com\/index.php\/design\/","og_locale":"fr_FR","og_type":"article","og_title":"Design - Ateliers Mandarine","og_url":"https:\/\/ateliersmandarine.com\/index.php\/design\/","og_site_name":"Ateliers Mandarine","article_publisher":"https:\/\/www.facebook.com\/ateliersmandarine\/","article_modified_time":"2025-11-28T11:03:24+00:00","twitter_card":"summary_large_image","twitter_misc":{"Dur\u00e9e de lecture estim\u00e9e":"4 minutes"},"schema":{"@context":"https:\/\/schema.org","@graph":[{"@type":"WebPage","@id":"https:\/\/ateliersmandarine.com\/index.php\/design\/","url":"https:\/\/ateliersmandarine.com\/index.php\/design\/","name":"Design - Ateliers Mandarine","isPartOf":{"@id":"https:\/\/ateliersmandarine.com\/#website"},"datePublished":"2020-02-12T09:28:36+00:00","dateModified":"2025-11-28T11:03:24+00:00","breadcrumb":{"@id":"https:\/\/ateliersmandarine.com\/index.php\/design\/#breadcrumb"},"inLanguage":"fr-FR","potentialAction":[{"@type":"ReadAction","target":["https:\/\/ateliersmandarine.com\/index.php\/design\/"]}]},{"@type":"BreadcrumbList","@id":"https:\/\/ateliersmandarine.com\/index.php\/design\/#breadcrumb","itemListElement":[{"@type":"ListItem","position":1,"name":"Accueil","item":"https:\/\/ateliersmandarine.com\/"},{"@type":"ListItem","position":2,"name":"Design"}]},{"@type":"WebSite","@id":"https:\/\/ateliersmandarine.com\/#website","url":"https:\/\/ateliersmandarine.com\/","name":"Ateliers Mandarine","description":"Designers et Architectes d&#039;int\u00e9rieur \u00e0 Ivry-sur-Seine","publisher":{"@id":"https:\/\/ateliersmandarine.com\/#organization"},"potentialAction":[{"@type":"SearchAction","target":{"@type":"EntryPoint","urlTemplate":"https:\/\/ateliersmandarine.com\/?s={search_term_string}"},"query-input":{"@type":"PropertyValueSpecification","valueRequired":true,"valueName":"search_term_string"}}],"inLanguage":"fr-FR"},{"@type":"Organization","@id":"https:\/\/ateliersmandarine.com\/#organization","name":"Ateliers Mandarine - architecture et design","url":"https:\/\/ateliersmandarine.com\/","logo":{"@type":"ImageObject","inLanguage":"fr-FR","@id":"https:\/\/ateliersmandarine.com\/#\/schema\/logo\/image\/","url":"https:\/\/ateliersmandarine.com\/wp-content\/uploads\/2020\/02\/logoAM_crayon_insta-3.png","contentUrl":"https:\/\/ateliersmandarine.com\/wp-content\/uploads\/2020\/02\/logoAM_crayon_insta-3.png","width":947,"height":947,"caption":"Ateliers Mandarine - architecture et design"},"image":{"@id":"https:\/\/ateliersmandarine.com\/#\/schema\/logo\/image\/"},"sameAs":["https:\/\/www.facebook.com\/ateliersmandarine\/","https:\/\/www.instagram.com\/ateliersmandarine\/","https:\/\/www.linkedin.com\/company\/ateliers-mandarine\/"]}]}},"_links":{"self":[{"href":"https:\/\/ateliersmandarine.com\/index.php\/wp-json\/wp\/v2\/pages\/1812","targetHints":{"allow":["GET"]}}],"collection":[{"href":"https:\/\/ateliersmandarine.com\/index.php\/wp-json\/wp\/v2\/pages"}],"about":[{"href":"https:\/\/ateliersmandarine.com\/index.php\/wp-json\/wp\/v2\/types\/page"}],"author":[{"embeddable":true,"href":"https:\/\/ateliersmandarine.com\/index.php\/wp-json\/wp\/v2\/users\/1"}],"replies":[{"embeddable":true,"href":"https:\/\/ateliersmandarine.com\/index.php\/wp-json\/wp\/v2\/comments?post=1812"}],"version-history":[{"count":24,"href":"https:\/\/ateliersmandarine.com\/index.php\/wp-json\/wp\/v2\/pages\/1812\/revisions"}],"predecessor-version":[{"id":2015,"href":"https:\/\/ateliersmandarine.com\/index.php\/wp-json\/wp\/v2\/pages\/1812\/revisions\/2015"}],"wp:attachment":[{"href":"https:\/\/ateliersmandarine.com\/index.php\/wp-json\/wp\/v2\/media?parent=1812"}],"curies":[{"name":"wp","href":"https:\/\/api.w.org\/{rel}","templated":true}]}}