{"id":1906,"date":"2020-02-17T15:17:12","date_gmt":"2020-02-17T14:17:12","guid":{"rendered":"http:\/\/ateliersmandarine.com\/?page_id=1906"},"modified":"2025-11-28T12:04:37","modified_gmt":"2025-11-28T11:04:37","slug":"boutique-paris-75007","status":"publish","type":"page","link":"https:\/\/ateliersmandarine.com\/index.php\/interieurs\/boutique-paris-75007\/","title":{"rendered":"Boutique Paris 75007"},"content":{"rendered":"<div class=\"fusion-fullwidth fullwidth-box fusion-builder-row-1 fusion-flex-container has-pattern-background has-mask-background nonhundred-percent-fullwidth non-hundred-percent-height-scrolling\" style=\"--awb-border-radius-top-left:0px;--awb-border-radius-top-right:0px;--awb-border-radius-bottom-right:0px;--awb-border-radius-bottom-left:0px;--awb-flex-wrap:wrap;\" ><div class=\"fusion-builder-row fusion-row fusion-flex-align-items-flex-start fusion-flex-content-wrap\" style=\"max-width:1040px;margin-left: calc(-4% \/ 2 );margin-right: calc(-4% \/ 2 );\"><div class=\"fusion-layout-column fusion_builder_column fusion-builder-column-0 fusion_builder_column_1_1 1_1 fusion-flex-column\" style=\"--awb-bg-size:cover;--awb-width-large:100%;--awb-margin-top-large:20px;--awb-spacing-right-large:1.92%;--awb-margin-bottom-large:20px;--awb-spacing-left-large:1.92%;--awb-width-medium:100%;--awb-order-medium:0;--awb-spacing-right-medium:1.92%;--awb-spacing-left-medium:1.92%;--awb-width-small:100%;--awb-order-small:0;--awb-spacing-right-small:1.92%;--awb-spacing-left-small:1.92%;\"><div class=\"fusion-column-wrapper fusion-column-has-shadow fusion-flex-justify-content-flex-start fusion-content-layout-column\"><div class=\"fusion-title title fusion-title-1 fusion-sep-none fusion-title-center fusion-title-text fusion-title-size-one\" style=\"--awb-font-size:40px;\"><h1 class=\"fusion-title-heading title-heading-center fusion-responsive-typography-calculated\" style=\"font-family:&quot;Roboto&quot;;font-style:normal;font-weight:400;margin:0;font-size:1em;--fontSize:40;line-height:1.2;\"><h1>[Projet boutique, Paris VII\u00e8me.]<\/h1><\/h1><\/div><div class=\"fusion-text fusion-text-1\"><p><span style=\"font-weight: 400;\">Sur ce projet, nous avions eu pour mission le r\u00e9am\u00e9nagement d&rsquo;une boutique et de ses espaces de rangement. Nous avions \u00e9galement en charge la conception de plusieurs pi\u00e8ces m\u00e9talliques thermolaqu\u00e9es pour accrochage mural.<\/span><\/p>\n<p><em><span style=\"font-weight: 400;\">Cr\u00e9dit Photo : Alexandre Bailhache<\/span><\/em><\/p>\n<\/div><div class=\"fusion-image-element \" style=\"--awb-caption-title-font-family:var(--h2_typography-font-family);--awb-caption-title-font-weight:var(--h2_typography-font-weight);--awb-caption-title-font-style:var(--h2_typography-font-style);--awb-caption-title-size:var(--h2_typography-font-size);--awb-caption-title-transform:var(--h2_typography-text-transform);--awb-caption-title-line-height:var(--h2_typography-line-height);--awb-caption-title-letter-spacing:var(--h2_typography-letter-spacing);\"><span class=\" fusion-imageframe imageframe-none imageframe-1 hover-type-none\"><img decoding=\"async\" width=\"2165\" height=\"1083\" alt=\"Ateliers Mandarine - r\u00e9am\u00e9nagement d&#039;une boutique Paris 7\u00e8me 1\" title=\"_MG_1205 recadr\u00e9\" src=\"https:\/\/ateliersmandarine.com\/wp-content\/uploads\/2020\/02\/MG_1205-recadr\u00e9.jpg\" class=\"img-responsive wp-image-1856\" srcset=\"https:\/\/ateliersmandarine.com\/wp-content\/uploads\/2020\/02\/MG_1205-recadr\u00e9-200x100.jpg 200w, https:\/\/ateliersmandarine.com\/wp-content\/uploads\/2020\/02\/MG_1205-recadr\u00e9-400x200.jpg 400w, https:\/\/ateliersmandarine.com\/wp-content\/uploads\/2020\/02\/MG_1205-recadr\u00e9-600x300.jpg 600w, https:\/\/ateliersmandarine.com\/wp-content\/uploads\/2020\/02\/MG_1205-recadr\u00e9-800x400.jpg 800w, https:\/\/ateliersmandarine.com\/wp-content\/uploads\/2020\/02\/MG_1205-recadr\u00e9-1200x600.jpg 1200w, https:\/\/ateliersmandarine.com\/wp-content\/uploads\/2020\/02\/MG_1205-recadr\u00e9.jpg 2165w\" sizes=\"(max-width: 1024px) 100vw, (max-width: 640px) 100vw, 1200px\" \/><\/span><\/div><div class=\"fusion-separator fusion-full-width-sep\" style=\"align-self: center;margin-left: auto;margin-right: auto;margin-top:20px;width:100%;\"><\/div><div style=\"text-align:center;\"><a class=\"fusion-button button-flat fusion-button-default-size button-custom fusion-button-default button-1 fusion-button-default-span fusion-button-default-type fusion-animated\" style=\"--button_accent_color:#ffffff;--button_border_color:#152768;--button_accent_hover_color:#55328b;--button_border_hover_color:#f0edf5;--button_gradient_top_color:#152768;--button_gradient_bottom_color:#152768;--button_gradient_top_color_hover:#f0edf5;--button_gradient_bottom_color_hover:#f0edf5;--button_text_transform:none;--button_typography-font-family:&quot;Roboto&quot;;--button_typography-font-style:normal;--button_typography-font-weight:300;\" data-animationType=\"fadeInLeft\" data-animationDuration=\"0.3\" data-animationOffset=\"top-into-view\" target=\"_self\" href=\"https:\/\/ateliersmandarine.com\/index.php\/interieurs\/\"><span class=\"fusion-button-text awb-button__text awb-button__text--default\">D\u00e9couvrez nos autres projets<\/span><\/a><\/div><\/div><\/div><\/div><\/div>\n","protected":false},"excerpt":{"rendered":"","protected":false},"author":1,"featured_media":0,"parent":1798,"menu_order":8,"comment_status":"closed","ping_status":"closed","template":"","meta":{"_monsterinsights_skip_tracking":false,"_monsterinsights_sitenote_active":false,"_monsterinsights_sitenote_note":"","_monsterinsights_sitenote_category":0,"footnotes":""},"class_list":["post-1906","page","type-page","status-publish","hentry"],"yoast_head":"<!-- This site is optimized with the Yoast SEO plugin v26.4 - https:\/\/yoast.com\/wordpress\/plugins\/seo\/ -->\n<title>Projet r\u00e9am\u00e9nagement d&#039;une boutique \u00e0 Paris - Ateliers Mandarine<\/title>\n<meta name=\"description\" content=\"D\u00e9couvrez notre projet de r\u00e9am\u00e9nagement d&#039;une boutique \u00e0 Paris dans le 7\u00e8me arrondissement. Notre mission pour ce magasin \u00e9tait de ...\" \/>\n<meta name=\"robots\" content=\"index, follow, max-snippet:-1, max-image-preview:large, max-video-preview:-1\" \/>\n<link rel=\"canonical\" href=\"https:\/\/ateliersmandarine.com\/index.php\/boutique-paris-75007\/\" \/>\n<meta property=\"og:locale\" content=\"fr_FR\" \/>\n<meta property=\"og:type\" content=\"article\" \/>\n<meta property=\"og:title\" content=\"Projet r\u00e9am\u00e9nagement d&#039;une boutique \u00e0 Paris - Ateliers Mandarine\" \/>\n<meta property=\"og:description\" content=\"D\u00e9couvrez notre projet de r\u00e9am\u00e9nagement d&#039;une boutique \u00e0 Paris dans le 7\u00e8me arrondissement. Notre mission pour ce magasin \u00e9tait de ...\" \/>\n<meta property=\"og:url\" content=\"https:\/\/ateliersmandarine.com\/index.php\/boutique-paris-75007\/\" \/>\n<meta property=\"og:site_name\" content=\"Ateliers Mandarine\" \/>\n<meta property=\"article:publisher\" content=\"https:\/\/www.facebook.com\/ateliersmandarine\/\" \/>\n<meta property=\"article:modified_time\" content=\"2025-11-28T11:04:37+00:00\" \/>\n<meta name=\"twitter:card\" content=\"summary_large_image\" \/>\n<meta name=\"twitter:label1\" content=\"Dur\u00e9e de lecture estim\u00e9e\" \/>\n\t<meta name=\"twitter:data1\" content=\"3 minutes\" \/>\n<script type=\"application\/ld+json\" class=\"yoast-schema-graph\">{\"@context\":\"https:\/\/schema.org\",\"@graph\":[{\"@type\":\"WebPage\",\"@id\":\"https:\/\/ateliersmandarine.com\/index.php\/boutique-paris-75007\/\",\"url\":\"https:\/\/ateliersmandarine.com\/index.php\/boutique-paris-75007\/\",\"name\":\"Projet r\u00e9am\u00e9nagement d'une boutique \u00e0 Paris - Ateliers Mandarine\",\"isPartOf\":{\"@id\":\"https:\/\/ateliersmandarine.com\/#website\"},\"datePublished\":\"2020-02-17T14:17:12+00:00\",\"dateModified\":\"2025-11-28T11:04:37+00:00\",\"description\":\"D\u00e9couvrez notre projet de r\u00e9am\u00e9nagement d'une boutique \u00e0 Paris dans le 7\u00e8me arrondissement. Notre mission pour ce magasin \u00e9tait de ...\",\"breadcrumb\":{\"@id\":\"https:\/\/ateliersmandarine.com\/index.php\/boutique-paris-75007\/#breadcrumb\"},\"inLanguage\":\"fr-FR\",\"potentialAction\":[{\"@type\":\"ReadAction\",\"target\":[\"https:\/\/ateliersmandarine.com\/index.php\/boutique-paris-75007\/\"]}]},{\"@type\":\"BreadcrumbList\",\"@id\":\"https:\/\/ateliersmandarine.com\/index.php\/boutique-paris-75007\/#breadcrumb\",\"itemListElement\":[{\"@type\":\"ListItem\",\"position\":1,\"name\":\"Accueil\",\"item\":\"https:\/\/ateliersmandarine.com\/\"},{\"@type\":\"ListItem\",\"position\":2,\"name\":\"Boutique Paris 75007\"}]},{\"@type\":\"WebSite\",\"@id\":\"https:\/\/ateliersmandarine.com\/#website\",\"url\":\"https:\/\/ateliersmandarine.com\/\",\"name\":\"Ateliers Mandarine\",\"description\":\"Designers et Architectes d&#039;int\u00e9rieur \u00e0 Ivry-sur-Seine\",\"publisher\":{\"@id\":\"https:\/\/ateliersmandarine.com\/#organization\"},\"potentialAction\":[{\"@type\":\"SearchAction\",\"target\":{\"@type\":\"EntryPoint\",\"urlTemplate\":\"https:\/\/ateliersmandarine.com\/?s={search_term_string}\"},\"query-input\":{\"@type\":\"PropertyValueSpecification\",\"valueRequired\":true,\"valueName\":\"search_term_string\"}}],\"inLanguage\":\"fr-FR\"},{\"@type\":\"Organization\",\"@id\":\"https:\/\/ateliersmandarine.com\/#organization\",\"name\":\"Ateliers Mandarine - architecture et design\",\"url\":\"https:\/\/ateliersmandarine.com\/\",\"logo\":{\"@type\":\"ImageObject\",\"inLanguage\":\"fr-FR\",\"@id\":\"https:\/\/ateliersmandarine.com\/#\/schema\/logo\/image\/\",\"url\":\"https:\/\/ateliersmandarine.com\/wp-content\/uploads\/2020\/02\/logoAM_crayon_insta-3.png\",\"contentUrl\":\"https:\/\/ateliersmandarine.com\/wp-content\/uploads\/2020\/02\/logoAM_crayon_insta-3.png\",\"width\":947,\"height\":947,\"caption\":\"Ateliers Mandarine - architecture et design\"},\"image\":{\"@id\":\"https:\/\/ateliersmandarine.com\/#\/schema\/logo\/image\/\"},\"sameAs\":[\"https:\/\/www.facebook.com\/ateliersmandarine\/\",\"https:\/\/www.instagram.com\/ateliersmandarine\/\",\"https:\/\/www.linkedin.com\/company\/ateliers-mandarine\/\"]}]}<\/script>\n<!-- \/ Yoast SEO plugin. -->","yoast_head_json":{"title":"Projet r\u00e9am\u00e9nagement d'une boutique \u00e0 Paris - Ateliers Mandarine","description":"D\u00e9couvrez notre projet de r\u00e9am\u00e9nagement d'une boutique \u00e0 Paris dans le 7\u00e8me arrondissement. Notre mission pour ce magasin \u00e9tait de ...","robots":{"index":"index","follow":"follow","max-snippet":"max-snippet:-1","max-image-preview":"max-image-preview:large","max-video-preview":"max-video-preview:-1"},"canonical":"https:\/\/ateliersmandarine.com\/index.php\/boutique-paris-75007\/","og_locale":"fr_FR","og_type":"article","og_title":"Projet r\u00e9am\u00e9nagement d'une boutique \u00e0 Paris - Ateliers Mandarine","og_description":"D\u00e9couvrez notre projet de r\u00e9am\u00e9nagement d'une boutique \u00e0 Paris dans le 7\u00e8me arrondissement. Notre mission pour ce magasin \u00e9tait de ...","og_url":"https:\/\/ateliersmandarine.com\/index.php\/boutique-paris-75007\/","og_site_name":"Ateliers Mandarine","article_publisher":"https:\/\/www.facebook.com\/ateliersmandarine\/","article_modified_time":"2025-11-28T11:04:37+00:00","twitter_card":"summary_large_image","twitter_misc":{"Dur\u00e9e de lecture estim\u00e9e":"3 minutes"},"schema":{"@context":"https:\/\/schema.org","@graph":[{"@type":"WebPage","@id":"https:\/\/ateliersmandarine.com\/index.php\/boutique-paris-75007\/","url":"https:\/\/ateliersmandarine.com\/index.php\/boutique-paris-75007\/","name":"Projet r\u00e9am\u00e9nagement d'une boutique \u00e0 Paris - Ateliers Mandarine","isPartOf":{"@id":"https:\/\/ateliersmandarine.com\/#website"},"datePublished":"2020-02-17T14:17:12+00:00","dateModified":"2025-11-28T11:04:37+00:00","description":"D\u00e9couvrez notre projet de r\u00e9am\u00e9nagement d'une boutique \u00e0 Paris dans le 7\u00e8me arrondissement. Notre mission pour ce magasin \u00e9tait de ...","breadcrumb":{"@id":"https:\/\/ateliersmandarine.com\/index.php\/boutique-paris-75007\/#breadcrumb"},"inLanguage":"fr-FR","potentialAction":[{"@type":"ReadAction","target":["https:\/\/ateliersmandarine.com\/index.php\/boutique-paris-75007\/"]}]},{"@type":"BreadcrumbList","@id":"https:\/\/ateliersmandarine.com\/index.php\/boutique-paris-75007\/#breadcrumb","itemListElement":[{"@type":"ListItem","position":1,"name":"Accueil","item":"https:\/\/ateliersmandarine.com\/"},{"@type":"ListItem","position":2,"name":"Boutique Paris 75007"}]},{"@type":"WebSite","@id":"https:\/\/ateliersmandarine.com\/#website","url":"https:\/\/ateliersmandarine.com\/","name":"Ateliers Mandarine","description":"Designers et Architectes d&#039;int\u00e9rieur \u00e0 Ivry-sur-Seine","publisher":{"@id":"https:\/\/ateliersmandarine.com\/#organization"},"potentialAction":[{"@type":"SearchAction","target":{"@type":"EntryPoint","urlTemplate":"https:\/\/ateliersmandarine.com\/?s={search_term_string}"},"query-input":{"@type":"PropertyValueSpecification","valueRequired":true,"valueName":"search_term_string"}}],"inLanguage":"fr-FR"},{"@type":"Organization","@id":"https:\/\/ateliersmandarine.com\/#organization","name":"Ateliers Mandarine - architecture et design","url":"https:\/\/ateliersmandarine.com\/","logo":{"@type":"ImageObject","inLanguage":"fr-FR","@id":"https:\/\/ateliersmandarine.com\/#\/schema\/logo\/image\/","url":"https:\/\/ateliersmandarine.com\/wp-content\/uploads\/2020\/02\/logoAM_crayon_insta-3.png","contentUrl":"https:\/\/ateliersmandarine.com\/wp-content\/uploads\/2020\/02\/logoAM_crayon_insta-3.png","width":947,"height":947,"caption":"Ateliers Mandarine - architecture et design"},"image":{"@id":"https:\/\/ateliersmandarine.com\/#\/schema\/logo\/image\/"},"sameAs":["https:\/\/www.facebook.com\/ateliersmandarine\/","https:\/\/www.instagram.com\/ateliersmandarine\/","https:\/\/www.linkedin.com\/company\/ateliers-mandarine\/"]}]}},"_links":{"self":[{"href":"https:\/\/ateliersmandarine.com\/index.php\/wp-json\/wp\/v2\/pages\/1906","targetHints":{"allow":["GET"]}}],"collection":[{"href":"https:\/\/ateliersmandarine.com\/index.php\/wp-json\/wp\/v2\/pages"}],"about":[{"href":"https:\/\/ateliersmandarine.com\/index.php\/wp-json\/wp\/v2\/types\/page"}],"author":[{"embeddable":true,"href":"https:\/\/ateliersmandarine.com\/index.php\/wp-json\/wp\/v2\/users\/1"}],"replies":[{"embeddable":true,"href":"https:\/\/ateliersmandarine.com\/index.php\/wp-json\/wp\/v2\/comments?post=1906"}],"version-history":[{"count":22,"href":"https:\/\/ateliersmandarine.com\/index.php\/wp-json\/wp\/v2\/pages\/1906\/revisions"}],"predecessor-version":[{"id":3505,"href":"https:\/\/ateliersmandarine.com\/index.php\/wp-json\/wp\/v2\/pages\/1906\/revisions\/3505"}],"up":[{"embeddable":true,"href":"https:\/\/ateliersmandarine.com\/index.php\/wp-json\/wp\/v2\/pages\/1798"}],"wp:attachment":[{"href":"https:\/\/ateliersmandarine.com\/index.php\/wp-json\/wp\/v2\/media?parent=1906"}],"curies":[{"name":"wp","href":"https:\/\/api.w.org\/{rel}","templated":true}]}}