{"id":1927,"date":"2020-02-17T16:27:39","date_gmt":"2020-02-17T15:27:39","guid":{"rendered":"http:\/\/ateliersmandarine.com\/?page_id=1927"},"modified":"2025-11-28T12:05:41","modified_gmt":"2025-11-28T11:05:41","slug":"et001-etageres-murales-modulables","status":"publish","type":"page","link":"https:\/\/ateliersmandarine.com\/index.php\/design\/et001-etageres-murales-modulables\/","title":{"rendered":"ET001 \u00e9tag\u00e8res murales modulables"},"content":{"rendered":"<div class=\"fusion-fullwidth fullwidth-box fusion-builder-row-1 nonhundred-percent-fullwidth non-hundred-percent-height-scrolling\" style=\"--awb-border-radius-top-left:0px;--awb-border-radius-top-right:0px;--awb-border-radius-bottom-right:0px;--awb-border-radius-bottom-left:0px;--awb-flex-wrap:wrap;\" ><div class=\"fusion-builder-row fusion-row\"><div class=\"fusion-layout-column fusion_builder_column fusion-builder-column-0 fusion_builder_column_1_1 1_1 fusion-one-full fusion-column-first fusion-column-last\" style=\"--awb-bg-size:cover;\"><div class=\"fusion-column-wrapper fusion-column-has-shadow fusion-flex-column-wrapper-legacy\"><div class=\"fusion-text fusion-text-1\"><p style=\"font-family: Roboto; font-weight: 100; font-size: 26px; color: #000951;\" data-fusion-font=\"true\" data-fusion-google-font=\"Roboto\" data-fusion-google-variant=\"100\" data-fusion-google-subset=\"latin\"><i><span style=\"color: #001b66;\">[ET001.]<\/span><\/i><\/p>\n<p style=\"font-family: Roboto; font-weight: 100; color: #001b66;\">\u00c9tag\u00e8res murales s&rsquo;inspirant du syst\u00e8me de cr\u00e9maill\u00e8res. Chaque bande recycl\u00e9e \u00e0 partir de sangles de serrage est accroch\u00e9e en deux points fixes haut et bas. Les \u00e9querres en t\u00f4le pli\u00e9e coulissent le long des sangles et se maintiennent en tension.<br \/>\n<i><span style=\"font-family: Roboto; font-weight: 100; font-size: 13px;\" data-fusion-font=\"true\" data-fusion-google-font=\"Roboto\" data-fusion-google-variant=\"100\" data-fusion-google-subset=\"latin\">Mod\u00e8le brevet\u00e9.<\/span><\/i><br \/>\n<span style=\"font-family: Roboto; font-weight: 100;\" data-fusion-font=\"true\" data-fusion-google-font=\"Roboto\" data-fusion-google-variant=\"100\" data-fusion-google-subset=\"latin\"><br \/>\n<\/span><span style=\"font-size: 13px; font-family: Roboto; font-weight: 100;\" data-fusion-font=\"true\" data-fusion-google-font=\"Roboto\" data-fusion-google-variant=\"100\" data-fusion-google-subset=\"latin\">Cr\u00e9dit Photo : Bogdan Sorg<\/span><\/p>\n<\/div><div class=\"fusion-clearfix\"><\/div><\/div><\/div><div class=\"fusion-layout-column fusion_builder_column fusion-builder-column-1 fusion_builder_column_1_1 1_1 fusion-one-full fusion-column-first fusion-column-last\" style=\"--awb-bg-image:url(&#039;https:\/\/ateliersmandarine.com\/wp-content\/uploads\/2020\/02\/et001-scaled.jpg&#039;);--awb-bg-size:cover;\"><div class=\"fusion-column-wrapper fusion-column-has-shadow fusion-flex-column-wrapper-legacy fusion-empty-column-bg-image fusion-column-has-bg-image\" data-bg-url=\"https:\/\/ateliersmandarine.com\/wp-content\/uploads\/2020\/02\/et001-scaled.jpg\"><img decoding=\"async\" class=\"fusion-empty-dims-img-placeholder\" aria-label=\"et001\" src=\"data:image\/svg+xml,%3Csvg%20xmlns%3D%27http%3A%2F%2Fwww.w3.org%2F2000%2Fsvg%27%20width%3D%272560%27%20height%3D%271280%27%20viewBox%3D%270%200%202560%201280%27%3E%3Crect%20width%3D%272560%27%20height%3D%271280%27%20fill-opacity%3D%220%22%2F%3E%3C%2Fsvg%3E\"><div class=\"fusion-clearfix\"><\/div><\/div><\/div><div class=\"fusion-layout-column fusion_builder_column fusion-builder-column-2 fusion_builder_column_1_3 1_3 fusion-one-third fusion-column-first\" style=\"--awb-bg-image:url(&#039;https:\/\/ateliersmandarine.com\/wp-content\/uploads\/2020\/02\/MG_3134_1-1.jpg&#039;);--awb-bg-size:cover;width:33.333333333333%;width:calc(33.333333333333% - ( ( 4% + 4% ) * 0.33333333333333 ) );margin-right: 4%;\"><div class=\"fusion-column-wrapper fusion-column-has-shadow fusion-flex-column-wrapper-legacy fusion-empty-column-bg-image fusion-column-has-bg-image\" data-bg-url=\"https:\/\/ateliersmandarine.com\/wp-content\/uploads\/2020\/02\/MG_3134_1-1.jpg\"><img decoding=\"async\" class=\"fusion-empty-dims-img-placeholder\" aria-label=\"_MG_3134_1\" src=\"data:image\/svg+xml,%3Csvg%20xmlns%3D%27http%3A%2F%2Fwww.w3.org%2F2000%2Fsvg%27%20width%3D%27887%27%20height%3D%271269%27%20viewBox%3D%270%200%20887%201269%27%3E%3Crect%20width%3D%27887%27%20height%3D%271269%27%20fill-opacity%3D%220%22%2F%3E%3C%2Fsvg%3E\"><div class=\"fusion-clearfix\"><\/div><\/div><\/div><div class=\"fusion-layout-column fusion_builder_column fusion-builder-column-3 fusion_builder_column_1_3 1_3 fusion-one-third\" style=\"--awb-bg-image:url(&#039;https:\/\/ateliersmandarine.com\/wp-content\/uploads\/2020\/02\/MG_3217_2.jpg&#039;);--awb-bg-size:cover;width:33.333333333333%;width:calc(33.333333333333% - ( ( 4% + 4% ) * 0.33333333333333 ) );margin-right: 4%;\"><div class=\"fusion-column-wrapper fusion-column-has-shadow fusion-flex-column-wrapper-legacy fusion-empty-column-bg-image fusion-column-has-bg-image\" data-bg-url=\"https:\/\/ateliersmandarine.com\/wp-content\/uploads\/2020\/02\/MG_3217_2.jpg\"><img decoding=\"async\" class=\"fusion-empty-dims-img-placeholder\" aria-label=\"_MG_3217_2\" src=\"data:image\/svg+xml,%3Csvg%20xmlns%3D%27http%3A%2F%2Fwww.w3.org%2F2000%2Fsvg%27%20width%3D%27875%27%20height%3D%271251%27%20viewBox%3D%270%200%20875%201251%27%3E%3Crect%20width%3D%27875%27%20height%3D%271251%27%20fill-opacity%3D%220%22%2F%3E%3C%2Fsvg%3E\"><div class=\"fusion-clearfix\"><\/div><\/div><\/div><div class=\"fusion-layout-column fusion_builder_column fusion-builder-column-4 fusion_builder_column_1_3 1_3 fusion-one-third fusion-column-last\" style=\"--awb-bg-image:url(&#039;https:\/\/ateliersmandarine.com\/wp-content\/uploads\/2020\/02\/MG_3225_4.jpg&#039;);--awb-bg-size:cover;width:33.333333333333%;width:calc(33.333333333333% - ( ( 4% + 4% ) * 0.33333333333333 ) );\"><div class=\"fusion-column-wrapper fusion-column-has-shadow fusion-flex-column-wrapper-legacy fusion-empty-column-bg-image fusion-column-has-bg-image\" data-bg-url=\"https:\/\/ateliersmandarine.com\/wp-content\/uploads\/2020\/02\/MG_3225_4.jpg\"><img decoding=\"async\" class=\"fusion-empty-dims-img-placeholder\" aria-label=\"_MG_3225_4\" src=\"data:image\/svg+xml,%3Csvg%20xmlns%3D%27http%3A%2F%2Fwww.w3.org%2F2000%2Fsvg%27%20width%3D%27882%27%20height%3D%271261%27%20viewBox%3D%270%200%20882%201261%27%3E%3Crect%20width%3D%27882%27%20height%3D%271261%27%20fill-opacity%3D%220%22%2F%3E%3C%2Fsvg%3E\"><div class=\"fusion-clearfix\"><\/div><\/div><\/div><\/div><\/div>\n","protected":false},"excerpt":{"rendered":"","protected":false},"author":1,"featured_media":0,"parent":1812,"menu_order":11,"comment_status":"closed","ping_status":"closed","template":"","meta":{"_monsterinsights_skip_tracking":false,"_monsterinsights_sitenote_active":false,"_monsterinsights_sitenote_note":"","_monsterinsights_sitenote_category":0,"footnotes":""},"class_list":["post-1927","page","type-page","status-publish","hentry"],"yoast_head":"<!-- This site is optimized with the Yoast SEO plugin v26.4 - https:\/\/yoast.com\/wordpress\/plugins\/seo\/ -->\n<title>ET001 \u00e9tag\u00e8res murales modulables - Ateliers Mandarine<\/title>\n<meta name=\"robots\" content=\"index, follow, max-snippet:-1, max-image-preview:large, max-video-preview:-1\" \/>\n<link rel=\"canonical\" href=\"https:\/\/ateliersmandarine.com\/index.php\/et001-etageres-murales-modulables\/\" \/>\n<meta property=\"og:locale\" content=\"fr_FR\" \/>\n<meta property=\"og:type\" content=\"article\" \/>\n<meta property=\"og:title\" content=\"ET001 \u00e9tag\u00e8res murales modulables - Ateliers Mandarine\" \/>\n<meta property=\"og:url\" content=\"https:\/\/ateliersmandarine.com\/index.php\/et001-etageres-murales-modulables\/\" \/>\n<meta property=\"og:site_name\" content=\"Ateliers Mandarine\" \/>\n<meta property=\"article:publisher\" content=\"https:\/\/www.facebook.com\/ateliersmandarine\/\" \/>\n<meta property=\"article:modified_time\" content=\"2025-11-28T11:05:41+00:00\" \/>\n<meta name=\"twitter:card\" content=\"summary_large_image\" \/>\n<meta name=\"twitter:label1\" content=\"Dur\u00e9e de lecture estim\u00e9e\" \/>\n\t<meta name=\"twitter:data1\" content=\"5 minutes\" \/>\n<script type=\"application\/ld+json\" class=\"yoast-schema-graph\">{\"@context\":\"https:\/\/schema.org\",\"@graph\":[{\"@type\":\"WebPage\",\"@id\":\"https:\/\/ateliersmandarine.com\/index.php\/et001-etageres-murales-modulables\/\",\"url\":\"https:\/\/ateliersmandarine.com\/index.php\/et001-etageres-murales-modulables\/\",\"name\":\"ET001 \u00e9tag\u00e8res murales modulables - Ateliers Mandarine\",\"isPartOf\":{\"@id\":\"https:\/\/ateliersmandarine.com\/#website\"},\"datePublished\":\"2020-02-17T15:27:39+00:00\",\"dateModified\":\"2025-11-28T11:05:41+00:00\",\"breadcrumb\":{\"@id\":\"https:\/\/ateliersmandarine.com\/index.php\/et001-etageres-murales-modulables\/#breadcrumb\"},\"inLanguage\":\"fr-FR\",\"potentialAction\":[{\"@type\":\"ReadAction\",\"target\":[\"https:\/\/ateliersmandarine.com\/index.php\/et001-etageres-murales-modulables\/\"]}]},{\"@type\":\"BreadcrumbList\",\"@id\":\"https:\/\/ateliersmandarine.com\/index.php\/et001-etageres-murales-modulables\/#breadcrumb\",\"itemListElement\":[{\"@type\":\"ListItem\",\"position\":1,\"name\":\"Accueil\",\"item\":\"https:\/\/ateliersmandarine.com\/\"},{\"@type\":\"ListItem\",\"position\":2,\"name\":\"ET001 \u00e9tag\u00e8res murales modulables\"}]},{\"@type\":\"WebSite\",\"@id\":\"https:\/\/ateliersmandarine.com\/#website\",\"url\":\"https:\/\/ateliersmandarine.com\/\",\"name\":\"Ateliers Mandarine\",\"description\":\"Designers et Architectes d&#039;int\u00e9rieur \u00e0 Ivry-sur-Seine\",\"publisher\":{\"@id\":\"https:\/\/ateliersmandarine.com\/#organization\"},\"potentialAction\":[{\"@type\":\"SearchAction\",\"target\":{\"@type\":\"EntryPoint\",\"urlTemplate\":\"https:\/\/ateliersmandarine.com\/?s={search_term_string}\"},\"query-input\":{\"@type\":\"PropertyValueSpecification\",\"valueRequired\":true,\"valueName\":\"search_term_string\"}}],\"inLanguage\":\"fr-FR\"},{\"@type\":\"Organization\",\"@id\":\"https:\/\/ateliersmandarine.com\/#organization\",\"name\":\"Ateliers Mandarine - architecture et design\",\"url\":\"https:\/\/ateliersmandarine.com\/\",\"logo\":{\"@type\":\"ImageObject\",\"inLanguage\":\"fr-FR\",\"@id\":\"https:\/\/ateliersmandarine.com\/#\/schema\/logo\/image\/\",\"url\":\"https:\/\/ateliersmandarine.com\/wp-content\/uploads\/2020\/02\/logoAM_crayon_insta-3.png\",\"contentUrl\":\"https:\/\/ateliersmandarine.com\/wp-content\/uploads\/2020\/02\/logoAM_crayon_insta-3.png\",\"width\":947,\"height\":947,\"caption\":\"Ateliers Mandarine - architecture et design\"},\"image\":{\"@id\":\"https:\/\/ateliersmandarine.com\/#\/schema\/logo\/image\/\"},\"sameAs\":[\"https:\/\/www.facebook.com\/ateliersmandarine\/\",\"https:\/\/www.instagram.com\/ateliersmandarine\/\",\"https:\/\/www.linkedin.com\/company\/ateliers-mandarine\/\"]}]}<\/script>\n<!-- \/ Yoast SEO plugin. -->","yoast_head_json":{"title":"ET001 \u00e9tag\u00e8res murales modulables - Ateliers Mandarine","robots":{"index":"index","follow":"follow","max-snippet":"max-snippet:-1","max-image-preview":"max-image-preview:large","max-video-preview":"max-video-preview:-1"},"canonical":"https:\/\/ateliersmandarine.com\/index.php\/et001-etageres-murales-modulables\/","og_locale":"fr_FR","og_type":"article","og_title":"ET001 \u00e9tag\u00e8res murales modulables - Ateliers Mandarine","og_url":"https:\/\/ateliersmandarine.com\/index.php\/et001-etageres-murales-modulables\/","og_site_name":"Ateliers Mandarine","article_publisher":"https:\/\/www.facebook.com\/ateliersmandarine\/","article_modified_time":"2025-11-28T11:05:41+00:00","twitter_card":"summary_large_image","twitter_misc":{"Dur\u00e9e de lecture estim\u00e9e":"5 minutes"},"schema":{"@context":"https:\/\/schema.org","@graph":[{"@type":"WebPage","@id":"https:\/\/ateliersmandarine.com\/index.php\/et001-etageres-murales-modulables\/","url":"https:\/\/ateliersmandarine.com\/index.php\/et001-etageres-murales-modulables\/","name":"ET001 \u00e9tag\u00e8res murales modulables - Ateliers Mandarine","isPartOf":{"@id":"https:\/\/ateliersmandarine.com\/#website"},"datePublished":"2020-02-17T15:27:39+00:00","dateModified":"2025-11-28T11:05:41+00:00","breadcrumb":{"@id":"https:\/\/ateliersmandarine.com\/index.php\/et001-etageres-murales-modulables\/#breadcrumb"},"inLanguage":"fr-FR","potentialAction":[{"@type":"ReadAction","target":["https:\/\/ateliersmandarine.com\/index.php\/et001-etageres-murales-modulables\/"]}]},{"@type":"BreadcrumbList","@id":"https:\/\/ateliersmandarine.com\/index.php\/et001-etageres-murales-modulables\/#breadcrumb","itemListElement":[{"@type":"ListItem","position":1,"name":"Accueil","item":"https:\/\/ateliersmandarine.com\/"},{"@type":"ListItem","position":2,"name":"ET001 \u00e9tag\u00e8res murales modulables"}]},{"@type":"WebSite","@id":"https:\/\/ateliersmandarine.com\/#website","url":"https:\/\/ateliersmandarine.com\/","name":"Ateliers Mandarine","description":"Designers et Architectes d&#039;int\u00e9rieur \u00e0 Ivry-sur-Seine","publisher":{"@id":"https:\/\/ateliersmandarine.com\/#organization"},"potentialAction":[{"@type":"SearchAction","target":{"@type":"EntryPoint","urlTemplate":"https:\/\/ateliersmandarine.com\/?s={search_term_string}"},"query-input":{"@type":"PropertyValueSpecification","valueRequired":true,"valueName":"search_term_string"}}],"inLanguage":"fr-FR"},{"@type":"Organization","@id":"https:\/\/ateliersmandarine.com\/#organization","name":"Ateliers Mandarine - architecture et design","url":"https:\/\/ateliersmandarine.com\/","logo":{"@type":"ImageObject","inLanguage":"fr-FR","@id":"https:\/\/ateliersmandarine.com\/#\/schema\/logo\/image\/","url":"https:\/\/ateliersmandarine.com\/wp-content\/uploads\/2020\/02\/logoAM_crayon_insta-3.png","contentUrl":"https:\/\/ateliersmandarine.com\/wp-content\/uploads\/2020\/02\/logoAM_crayon_insta-3.png","width":947,"height":947,"caption":"Ateliers Mandarine - architecture et design"},"image":{"@id":"https:\/\/ateliersmandarine.com\/#\/schema\/logo\/image\/"},"sameAs":["https:\/\/www.facebook.com\/ateliersmandarine\/","https:\/\/www.instagram.com\/ateliersmandarine\/","https:\/\/www.linkedin.com\/company\/ateliers-mandarine\/"]}]}},"_links":{"self":[{"href":"https:\/\/ateliersmandarine.com\/index.php\/wp-json\/wp\/v2\/pages\/1927","targetHints":{"allow":["GET"]}}],"collection":[{"href":"https:\/\/ateliersmandarine.com\/index.php\/wp-json\/wp\/v2\/pages"}],"about":[{"href":"https:\/\/ateliersmandarine.com\/index.php\/wp-json\/wp\/v2\/types\/page"}],"author":[{"embeddable":true,"href":"https:\/\/ateliersmandarine.com\/index.php\/wp-json\/wp\/v2\/users\/1"}],"replies":[{"embeddable":true,"href":"https:\/\/ateliersmandarine.com\/index.php\/wp-json\/wp\/v2\/comments?post=1927"}],"version-history":[{"count":13,"href":"https:\/\/ateliersmandarine.com\/index.php\/wp-json\/wp\/v2\/pages\/1927\/revisions"}],"predecessor-version":[{"id":2119,"href":"https:\/\/ateliersmandarine.com\/index.php\/wp-json\/wp\/v2\/pages\/1927\/revisions\/2119"}],"up":[{"embeddable":true,"href":"https:\/\/ateliersmandarine.com\/index.php\/wp-json\/wp\/v2\/pages\/1812"}],"wp:attachment":[{"href":"https:\/\/ateliersmandarine.com\/index.php\/wp-json\/wp\/v2\/media?parent=1927"}],"curies":[{"name":"wp","href":"https:\/\/api.w.org\/{rel}","templated":true}]}}