{"id":2051,"date":"2020-02-20T16:06:31","date_gmt":"2020-02-20T15:06:31","guid":{"rendered":"http:\/\/ateliersmandarine.com\/?page_id=2051"},"modified":"2025-11-28T12:05:59","modified_gmt":"2025-11-28T11:05:59","slug":"montpensier","status":"publish","type":"page","link":"https:\/\/ateliersmandarine.com\/index.php\/interieurs\/montpensier\/","title":{"rendered":"Montpensier"},"content":{"rendered":"<p><div class=\"fusion-fullwidth fullwidth-box fusion-builder-row-1 nonhundred-percent-fullwidth non-hundred-percent-height-scrolling\" style=\"--awb-border-radius-top-left:0px;--awb-border-radius-top-right:0px;--awb-border-radius-bottom-right:0px;--awb-border-radius-bottom-left:0px;--awb-flex-wrap:wrap;\" ><div class=\"fusion-builder-row fusion-row\"><div class=\"fusion-layout-column fusion_builder_column fusion-builder-column-0 fusion_builder_column_1_1 1_1 fusion-one-full fusion-column-first fusion-column-last\" style=\"--awb-bg-size:cover;\"><div class=\"fusion-column-wrapper fusion-column-has-shadow fusion-flex-column-wrapper-legacy\"><div class=\"fusion-title title fusion-title-1 fusion-sep-none fusion-title-center fusion-title-text fusion-title-size-two\"><h2 class=\"fusion-title-heading title-heading-center fusion-responsive-typography-calculated\" style=\"font-family:&quot;Roboto&quot;;font-style:normal;font-weight:400;margin:0;--fontSize:36;--minFontSize:36;line-height:1.28;\"><h2>[Montpensier, Paris 1 er.]<\/h2><\/h2><\/div><div class=\"fusion-text fusion-text-1\"><p><span style=\"font-weight: 400;\">Sur ce projet, nous avions eu pour mission la r\u00e9novation d\u2019un appartement \u00e0 Paris Ier.\u00a0<\/span><\/p>\n<p><span style=\"font-weight: 400;\">Dans un immeuble class\u00e9, nous avons fait appel \u00e0 diff\u00e9rents artisans d\u2019exception charg\u00e9s de la mise en \u0153uvre des divers postes. De la cuisine enti\u00e8rement en Sycomore, \u00e0 la salle de bain en Corian\u00ae ou du terrazzo au sol, le chantier s\u2019est d\u00e9roul\u00e9 avec l\u2019attention la plus particuli\u00e8re afin de r\u00e9pondre aux attentes des propri\u00e9taires.<\/span><\/p>\n<p><em><span style=\"font-weight: 400;\">Cr\u00e9dit Photo : Alexandre Bailhache<\/span><\/em><\/p>\n<\/div><div class=\"fusion-clearfix\"><\/div><\/div><\/div><div class=\"fusion-layout-column fusion_builder_column fusion-builder-column-1 fusion_builder_column_1_2 1_2 fusion-one-half fusion-column-first\" style=\"--awb-bg-image:url(&#039;https:\/\/ateliersmandarine.com\/wp-content\/uploads\/2020\/09\/cuisine-3-scaled.jpg&#039;);--awb-bg-size:cover;--awb-margin-top:0px;width:50%;width:calc(50% - ( ( 4% ) * 0.5 ) );margin-right: 4%;\"><div class=\"fusion-column-wrapper fusion-column-has-shadow fusion-flex-column-wrapper-legacy fusion-empty-column-bg-image fusion-column-has-bg-image\" data-bg-url=\"https:\/\/ateliersmandarine.com\/wp-content\/uploads\/2020\/09\/cuisine-3-scaled.jpg\"><img decoding=\"async\" class=\"fusion-empty-dims-img-placeholder\" alt=\"Ateliers Mandarine - appartement \u00e0 Montpensier 1\" aria-label=\"cuisine 3\" src=\"data:image\/svg+xml,%3Csvg%20xmlns%3D%27http%3A%2F%2Fwww.w3.org%2F2000%2Fsvg%27%20width%3D%271707%27%20height%3D%272560%27%20viewBox%3D%270%200%201707%202560%27%3E%3Crect%20width%3D%271707%27%20height%3D%272560%27%20fill-opacity%3D%220%22%2F%3E%3C%2Fsvg%3E\"><div class=\"fusion-clearfix\"><\/div><\/div><\/div><div class=\"fusion-layout-column fusion_builder_column fusion-builder-column-2 fusion_builder_column_1_2 1_2 fusion-one-half fusion-column-last\" style=\"--awb-bg-image:url(&#039;https:\/\/ateliersmandarine.com\/wp-content\/uploads\/2020\/09\/cuisine-1-scaled.jpg&#039;);--awb-bg-size:cover;--awb-margin-top:0px;--awb-margin-bottom:0px;width:50%;width:calc(50% - ( ( 4% ) * 0.5 ) );\"><div class=\"fusion-column-wrapper fusion-column-has-shadow fusion-flex-column-wrapper-legacy fusion-empty-column-bg-image fusion-column-has-bg-image\" data-bg-url=\"https:\/\/ateliersmandarine.com\/wp-content\/uploads\/2020\/09\/cuisine-1-scaled.jpg\"><img decoding=\"async\" class=\"fusion-empty-dims-img-placeholder\" alt=\"Ateliers Mandarine - appartement \u00e0 Montpensier 2\" aria-label=\"cuisine 1\" src=\"data:image\/svg+xml,%3Csvg%20xmlns%3D%27http%3A%2F%2Fwww.w3.org%2F2000%2Fsvg%27%20width%3D%271707%27%20height%3D%272560%27%20viewBox%3D%270%200%201707%202560%27%3E%3Crect%20width%3D%271707%27%20height%3D%272560%27%20fill-opacity%3D%220%22%2F%3E%3C%2Fsvg%3E\"><div class=\"fusion-clearfix\"><\/div><\/div><\/div><div class=\"fusion-layout-column fusion_builder_column fusion-builder-column-3 fusion_builder_column_1_1 1_1 fusion-one-full fusion-column-first fusion-column-last\" style=\"--awb-bg-image:url(&#039;https:\/\/ateliersmandarine.com\/wp-content\/uploads\/2020\/09\/sdb-horizontale-scaled.jpg&#039;);--awb-bg-size:cover;--awb-margin-top:781px;--awb-margin-bottom:43px;\"><div class=\"fusion-column-wrapper fusion-column-has-shadow fusion-flex-column-wrapper-legacy fusion-empty-column-bg-image fusion-column-has-bg-image\" data-bg-url=\"https:\/\/ateliersmandarine.com\/wp-content\/uploads\/2020\/09\/sdb-horizontale-scaled.jpg\"><img decoding=\"async\" class=\"fusion-empty-dims-img-placeholder\" alt=\"Ateliers Mandarine - appartement \u00e0 Montpensier 3\" aria-label=\"sdb horizontale\" src=\"data:image\/svg+xml,%3Csvg%20xmlns%3D%27http%3A%2F%2Fwww.w3.org%2F2000%2Fsvg%27%20width%3D%272560%27%20height%3D%271707%27%20viewBox%3D%270%200%202560%201707%27%3E%3Crect%20width%3D%272560%27%20height%3D%271707%27%20fill-opacity%3D%220%22%2F%3E%3C%2Fsvg%3E\"><div class=\"fusion-clearfix\"><\/div><\/div><\/div><div class=\"fusion-layout-column fusion_builder_column fusion-builder-column-4 fusion_builder_column_1_2 1_2 fusion-one-half fusion-column-first\" style=\"--awb-padding-right:17px;--awb-bg-image:url(&#039;https:\/\/ateliersmandarine.com\/wp-content\/uploads\/2020\/09\/couloir-scaled.jpg&#039;);--awb-bg-size:cover;--awb-margin-top:0px;width:50%;width:calc(50% - ( ( 4% ) * 0.5 ) );margin-right: 4%;\"><div class=\"fusion-column-wrapper fusion-column-has-shadow fusion-flex-column-wrapper-legacy fusion-empty-column-bg-image fusion-column-has-bg-image\" data-bg-url=\"https:\/\/ateliersmandarine.com\/wp-content\/uploads\/2020\/09\/couloir-scaled.jpg\"><img decoding=\"async\" class=\"fusion-empty-dims-img-placeholder\" alt=\"Ateliers Mandarine - appartement \u00e0 Montpensier 4\" aria-label=\"couloir\" src=\"data:image\/svg+xml,%3Csvg%20xmlns%3D%27http%3A%2F%2Fwww.w3.org%2F2000%2Fsvg%27%20width%3D%271707%27%20height%3D%272560%27%20viewBox%3D%270%200%201707%202560%27%3E%3Crect%20width%3D%271707%27%20height%3D%272560%27%20fill-opacity%3D%220%22%2F%3E%3C%2Fsvg%3E\"><div class=\"fusion-clearfix\"><\/div><\/div><\/div><div class=\"fusion-layout-column fusion_builder_column fusion-builder-column-5 fusion_builder_column_1_2 1_2 fusion-one-half fusion-column-last\" style=\"--awb-bg-size:cover;--awb-margin-top:0px;width:50%;width:calc(50% - ( ( 4% ) * 0.5 ) );\"><div class=\"fusion-column-wrapper fusion-column-has-shadow fusion-flex-column-wrapper-legacy\"><div class=\"fusion-clearfix\"><\/div><\/div><\/div><div class=\"fusion-layout-column fusion_builder_column fusion-builder-column-6 fusion_builder_column_1_2 1_2 fusion-one-half fusion-column-first\" style=\"--awb-padding-right:22px;--awb-padding-left:36px;--awb-bg-image:url(&#039;https:\/\/ateliersmandarine.com\/wp-content\/uploads\/2020\/02\/IMG_20200219_174020-scaled.jpg&#039;);--awb-bg-size:cover;width:50%;width:calc(50% - ( ( 4% ) * 0.5 ) );margin-right: 4%;\"><div class=\"fusion-column-wrapper fusion-column-has-shadow fusion-flex-column-wrapper-legacy fusion-empty-column-bg-image fusion-column-has-bg-image\" data-bg-url=\"https:\/\/ateliersmandarine.com\/wp-content\/uploads\/2020\/02\/IMG_20200219_174020-scaled.jpg\"><img decoding=\"async\" class=\"fusion-empty-dims-img-placeholder\" alt=\"Ateliers Mandarine - appartement \u00e0 Montpensier 5\" aria-label=\"IMG_20200219_174020\" src=\"data:image\/svg+xml,%3Csvg%20xmlns%3D%27http%3A%2F%2Fwww.w3.org%2F2000%2Fsvg%27%20width%3D%272560%27%20height%3D%271280%27%20viewBox%3D%270%200%202560%201280%27%3E%3Crect%20width%3D%272560%27%20height%3D%271280%27%20fill-opacity%3D%220%22%2F%3E%3C%2Fsvg%3E\"><div class=\"fusion-clearfix\"><\/div><\/div><\/div><div class=\"fusion-layout-column fusion_builder_column fusion-builder-column-7 fusion_builder_column_1_2 1_2 fusion-one-half fusion-column-last\" style=\"--awb-padding-right:22px;--awb-padding-left:27px;--awb-bg-image:url(&#039;https:\/\/ateliersmandarine.com\/wp-content\/uploads\/2020\/02\/IMG_20190713_101332-scaled.jpg&#039;);--awb-bg-size:cover;width:50%;width:calc(50% - ( ( 4% ) * 0.5 ) );\"><div class=\"fusion-column-wrapper fusion-column-has-shadow fusion-flex-column-wrapper-legacy fusion-empty-column-bg-image fusion-column-has-bg-image\" data-bg-url=\"https:\/\/ateliersmandarine.com\/wp-content\/uploads\/2020\/02\/IMG_20190713_101332-scaled.jpg\"><img decoding=\"async\" class=\"fusion-empty-dims-img-placeholder\" alt=\"Ateliers Mandarine - appartement \u00e0 Montpensier 6\" aria-label=\"hdrpl\" src=\"data:image\/svg+xml,%3Csvg%20xmlns%3D%27http%3A%2F%2Fwww.w3.org%2F2000%2Fsvg%27%20width%3D%272560%27%20height%3D%271280%27%20viewBox%3D%270%200%202560%201280%27%3E%3Crect%20width%3D%272560%27%20height%3D%271280%27%20fill-opacity%3D%220%22%2F%3E%3C%2Fsvg%3E\"><div class=\"fusion-clearfix\"><\/div><\/div><\/div><\/div><\/div><div class=\"fusion-fullwidth fullwidth-box fusion-builder-row-2 fusion-flex-container has-pattern-background has-mask-background nonhundred-percent-fullwidth non-hundred-percent-height-scrolling\" style=\"--awb-border-radius-top-left:0px;--awb-border-radius-top-right:0px;--awb-border-radius-bottom-right:0px;--awb-border-radius-bottom-left:0px;--awb-flex-wrap:wrap;\" ><div class=\"fusion-builder-row fusion-row fusion-flex-align-items-flex-start fusion-flex-content-wrap\" style=\"max-width:1040px;margin-left: calc(-4% \/ 2 );margin-right: calc(-4% \/ 2 );\"><div class=\"fusion-layout-column fusion_builder_column fusion-builder-column-8 fusion_builder_column_1_1 1_1 fusion-flex-column\" style=\"--awb-bg-size:cover;--awb-width-large:100%;--awb-margin-top-large:20px;--awb-spacing-right-large:1.92%;--awb-margin-bottom-large:20px;--awb-spacing-left-large:1.92%;--awb-width-medium:100%;--awb-order-medium:0;--awb-spacing-right-medium:1.92%;--awb-spacing-left-medium:1.92%;--awb-width-small:100%;--awb-order-small:0;--awb-spacing-right-small:1.92%;--awb-spacing-left-small:1.92%;\"><div class=\"fusion-column-wrapper fusion-column-has-shadow fusion-flex-justify-content-flex-start fusion-content-layout-column\"><div style=\"text-align:center;\"><a class=\"fusion-button button-flat fusion-button-default-size button-custom fusion-button-default button-1 fusion-button-default-span fusion-button-default-type fusion-animated\" style=\"--button_accent_color:#ffffff;--button_border_color:var(--awb-color8);--button_accent_hover_color:#55328b;--button_border_hover_color:#f0edf5;--button_gradient_top_color:var(--awb-color8);--button_gradient_bottom_color:var(--awb-color8);--button_gradient_top_color_hover:#f0edf5;--button_gradient_bottom_color_hover:#f0edf5;--button_text_transform:none;--button_typography-font-family:&quot;Roboto&quot;;--button_typography-font-style:normal;--button_typography-font-weight:300;\" data-animationType=\"fadeInLeft\" data-animationDuration=\"0.3\" data-animationOffset=\"top-into-view\" target=\"_self\" href=\"https:\/\/ateliersmandarine.com\/index.php\/interieurs\/\"><span class=\"fusion-button-text awb-button__text awb-button__text--default\">D\u00e9couvrez nos autres projets<\/span><\/a><\/div><\/div><\/div><\/div><\/div><\/p>\n","protected":false},"excerpt":{"rendered":"","protected":false},"author":1,"featured_media":0,"parent":1798,"menu_order":17,"comment_status":"closed","ping_status":"closed","template":"","meta":{"_monsterinsights_skip_tracking":false,"_monsterinsights_sitenote_active":false,"_monsterinsights_sitenote_note":"","_monsterinsights_sitenote_category":0,"footnotes":""},"class_list":["post-2051","page","type-page","status-publish","hentry"],"yoast_head":"<!-- This site is optimized with the Yoast SEO plugin v26.4 - https:\/\/yoast.com\/wordpress\/plugins\/seo\/ -->\n<title>Montpensier - Ateliers Mandarine<\/title>\n<meta name=\"robots\" content=\"index, follow, max-snippet:-1, max-image-preview:large, max-video-preview:-1\" \/>\n<link rel=\"canonical\" href=\"https:\/\/ateliersmandarine.com\/index.php\/montpensier\/\" \/>\n<meta property=\"og:locale\" content=\"fr_FR\" \/>\n<meta property=\"og:type\" content=\"article\" \/>\n<meta property=\"og:title\" content=\"Montpensier - Ateliers Mandarine\" \/>\n<meta property=\"og:url\" content=\"https:\/\/ateliersmandarine.com\/index.php\/montpensier\/\" \/>\n<meta property=\"og:site_name\" content=\"Ateliers Mandarine\" \/>\n<meta property=\"article:publisher\" content=\"https:\/\/www.facebook.com\/ateliersmandarine\/\" \/>\n<meta property=\"article:modified_time\" content=\"2025-11-28T11:05:59+00:00\" \/>\n<meta name=\"twitter:card\" content=\"summary_large_image\" \/>\n<meta name=\"twitter:label1\" content=\"Dur\u00e9e de lecture estim\u00e9e\" \/>\n\t<meta name=\"twitter:data1\" content=\"6 minutes\" \/>\n<script type=\"application\/ld+json\" class=\"yoast-schema-graph\">{\"@context\":\"https:\/\/schema.org\",\"@graph\":[{\"@type\":\"WebPage\",\"@id\":\"https:\/\/ateliersmandarine.com\/index.php\/montpensier\/\",\"url\":\"https:\/\/ateliersmandarine.com\/index.php\/montpensier\/\",\"name\":\"Montpensier - Ateliers Mandarine\",\"isPartOf\":{\"@id\":\"https:\/\/ateliersmandarine.com\/#website\"},\"datePublished\":\"2020-02-20T15:06:31+00:00\",\"dateModified\":\"2025-11-28T11:05:59+00:00\",\"breadcrumb\":{\"@id\":\"https:\/\/ateliersmandarine.com\/index.php\/montpensier\/#breadcrumb\"},\"inLanguage\":\"fr-FR\",\"potentialAction\":[{\"@type\":\"ReadAction\",\"target\":[\"https:\/\/ateliersmandarine.com\/index.php\/montpensier\/\"]}]},{\"@type\":\"BreadcrumbList\",\"@id\":\"https:\/\/ateliersmandarine.com\/index.php\/montpensier\/#breadcrumb\",\"itemListElement\":[{\"@type\":\"ListItem\",\"position\":1,\"name\":\"Accueil\",\"item\":\"https:\/\/ateliersmandarine.com\/\"},{\"@type\":\"ListItem\",\"position\":2,\"name\":\"Montpensier\"}]},{\"@type\":\"WebSite\",\"@id\":\"https:\/\/ateliersmandarine.com\/#website\",\"url\":\"https:\/\/ateliersmandarine.com\/\",\"name\":\"Ateliers Mandarine\",\"description\":\"Designers et Architectes d&#039;int\u00e9rieur \u00e0 Ivry-sur-Seine\",\"publisher\":{\"@id\":\"https:\/\/ateliersmandarine.com\/#organization\"},\"potentialAction\":[{\"@type\":\"SearchAction\",\"target\":{\"@type\":\"EntryPoint\",\"urlTemplate\":\"https:\/\/ateliersmandarine.com\/?s={search_term_string}\"},\"query-input\":{\"@type\":\"PropertyValueSpecification\",\"valueRequired\":true,\"valueName\":\"search_term_string\"}}],\"inLanguage\":\"fr-FR\"},{\"@type\":\"Organization\",\"@id\":\"https:\/\/ateliersmandarine.com\/#organization\",\"name\":\"Ateliers Mandarine - architecture et design\",\"url\":\"https:\/\/ateliersmandarine.com\/\",\"logo\":{\"@type\":\"ImageObject\",\"inLanguage\":\"fr-FR\",\"@id\":\"https:\/\/ateliersmandarine.com\/#\/schema\/logo\/image\/\",\"url\":\"https:\/\/ateliersmandarine.com\/wp-content\/uploads\/2020\/02\/logoAM_crayon_insta-3.png\",\"contentUrl\":\"https:\/\/ateliersmandarine.com\/wp-content\/uploads\/2020\/02\/logoAM_crayon_insta-3.png\",\"width\":947,\"height\":947,\"caption\":\"Ateliers Mandarine - architecture et design\"},\"image\":{\"@id\":\"https:\/\/ateliersmandarine.com\/#\/schema\/logo\/image\/\"},\"sameAs\":[\"https:\/\/www.facebook.com\/ateliersmandarine\/\",\"https:\/\/www.instagram.com\/ateliersmandarine\/\",\"https:\/\/www.linkedin.com\/company\/ateliers-mandarine\/\"]}]}<\/script>\n<!-- \/ Yoast SEO plugin. -->","yoast_head_json":{"title":"Montpensier - Ateliers Mandarine","robots":{"index":"index","follow":"follow","max-snippet":"max-snippet:-1","max-image-preview":"max-image-preview:large","max-video-preview":"max-video-preview:-1"},"canonical":"https:\/\/ateliersmandarine.com\/index.php\/montpensier\/","og_locale":"fr_FR","og_type":"article","og_title":"Montpensier - Ateliers Mandarine","og_url":"https:\/\/ateliersmandarine.com\/index.php\/montpensier\/","og_site_name":"Ateliers Mandarine","article_publisher":"https:\/\/www.facebook.com\/ateliersmandarine\/","article_modified_time":"2025-11-28T11:05:59+00:00","twitter_card":"summary_large_image","twitter_misc":{"Dur\u00e9e de lecture estim\u00e9e":"6 minutes"},"schema":{"@context":"https:\/\/schema.org","@graph":[{"@type":"WebPage","@id":"https:\/\/ateliersmandarine.com\/index.php\/montpensier\/","url":"https:\/\/ateliersmandarine.com\/index.php\/montpensier\/","name":"Montpensier - Ateliers Mandarine","isPartOf":{"@id":"https:\/\/ateliersmandarine.com\/#website"},"datePublished":"2020-02-20T15:06:31+00:00","dateModified":"2025-11-28T11:05:59+00:00","breadcrumb":{"@id":"https:\/\/ateliersmandarine.com\/index.php\/montpensier\/#breadcrumb"},"inLanguage":"fr-FR","potentialAction":[{"@type":"ReadAction","target":["https:\/\/ateliersmandarine.com\/index.php\/montpensier\/"]}]},{"@type":"BreadcrumbList","@id":"https:\/\/ateliersmandarine.com\/index.php\/montpensier\/#breadcrumb","itemListElement":[{"@type":"ListItem","position":1,"name":"Accueil","item":"https:\/\/ateliersmandarine.com\/"},{"@type":"ListItem","position":2,"name":"Montpensier"}]},{"@type":"WebSite","@id":"https:\/\/ateliersmandarine.com\/#website","url":"https:\/\/ateliersmandarine.com\/","name":"Ateliers Mandarine","description":"Designers et Architectes d&#039;int\u00e9rieur \u00e0 Ivry-sur-Seine","publisher":{"@id":"https:\/\/ateliersmandarine.com\/#organization"},"potentialAction":[{"@type":"SearchAction","target":{"@type":"EntryPoint","urlTemplate":"https:\/\/ateliersmandarine.com\/?s={search_term_string}"},"query-input":{"@type":"PropertyValueSpecification","valueRequired":true,"valueName":"search_term_string"}}],"inLanguage":"fr-FR"},{"@type":"Organization","@id":"https:\/\/ateliersmandarine.com\/#organization","name":"Ateliers Mandarine - architecture et design","url":"https:\/\/ateliersmandarine.com\/","logo":{"@type":"ImageObject","inLanguage":"fr-FR","@id":"https:\/\/ateliersmandarine.com\/#\/schema\/logo\/image\/","url":"https:\/\/ateliersmandarine.com\/wp-content\/uploads\/2020\/02\/logoAM_crayon_insta-3.png","contentUrl":"https:\/\/ateliersmandarine.com\/wp-content\/uploads\/2020\/02\/logoAM_crayon_insta-3.png","width":947,"height":947,"caption":"Ateliers Mandarine - architecture et design"},"image":{"@id":"https:\/\/ateliersmandarine.com\/#\/schema\/logo\/image\/"},"sameAs":["https:\/\/www.facebook.com\/ateliersmandarine\/","https:\/\/www.instagram.com\/ateliersmandarine\/","https:\/\/www.linkedin.com\/company\/ateliers-mandarine\/"]}]}},"_links":{"self":[{"href":"https:\/\/ateliersmandarine.com\/index.php\/wp-json\/wp\/v2\/pages\/2051","targetHints":{"allow":["GET"]}}],"collection":[{"href":"https:\/\/ateliersmandarine.com\/index.php\/wp-json\/wp\/v2\/pages"}],"about":[{"href":"https:\/\/ateliersmandarine.com\/index.php\/wp-json\/wp\/v2\/types\/page"}],"author":[{"embeddable":true,"href":"https:\/\/ateliersmandarine.com\/index.php\/wp-json\/wp\/v2\/users\/1"}],"replies":[{"embeddable":true,"href":"https:\/\/ateliersmandarine.com\/index.php\/wp-json\/wp\/v2\/comments?post=2051"}],"version-history":[{"count":21,"href":"https:\/\/ateliersmandarine.com\/index.php\/wp-json\/wp\/v2\/pages\/2051\/revisions"}],"predecessor-version":[{"id":2111,"href":"https:\/\/ateliersmandarine.com\/index.php\/wp-json\/wp\/v2\/pages\/2051\/revisions\/2111"}],"up":[{"embeddable":true,"href":"https:\/\/ateliersmandarine.com\/index.php\/wp-json\/wp\/v2\/pages\/1798"}],"wp:attachment":[{"href":"https:\/\/ateliersmandarine.com\/index.php\/wp-json\/wp\/v2\/media?parent=2051"}],"curies":[{"name":"wp","href":"https:\/\/api.w.org\/{rel}","templated":true}]}}